{"id":265,"date":"2023-10-27T08:35:03","date_gmt":"2023-10-27T06:35:03","guid":{"rendered":"http:\/\/reSOUNDed.de\/?page_id=265"},"modified":"2024-12-21T14:51:59","modified_gmt":"2024-12-21T13:51:59","slug":"s-o-n-g-s","status":"publish","type":"page","link":"http:\/\/resounded.coverband-aachen.de\/?page_id=265","title":{"rendered":"S O N G S"},"content":{"rendered":"\n<h2 class=\"wp-block-heading has-text-align-center\">Feines Material f\u00fcr Ohren, F\u00fc\u00dfe und Stimmb\u00e4nder<\/h2>\n\n\n\n<p class=\"has-text-align-center\">Unser Repertoire ist immer in Bewegung, hier ein Ausschnitt:&nbsp;<\/p>\n\n\n\n<p class=\"has-text-align-center\">Always remember us this way | Lady Gaga<br>Baby Love | Mothers Finest<br>Black Horse and the cherry tree | KT Tunstall<br>Black Velvet | Alannah Myles<br>Blueprint | Rainbirds<br>Chasing Cars | Snow Patrol<br>Ch\u00f6re | Mark Forster<br>Der Kommissar | Falco<br>Dream On | Amy McDonald<br>Fairytale gone bad | Sunrise Avenue<br>Flowers | Miley Cyrus<br>Glory Days | Bruce Springsteen<br>Highway to hell | AC\/DC<br>I still haven\u00b4t found | U2<br>I want to break free | Queen<br>It\u00b4s raining men | Weather Girls<br>Just can\u00b4t get enough | Depeche Mode<br>La Grange | ZZ Top<br>Let it rain | Amanda Marshall<br>Like the way I do | Melissa Etheridge<br>Long Train Running | Doobie Brothers<br>Mama Do | Pixie Lott<br>Money for nothing | Dire Straits<br>Narcotic | Liquido<br>Nobodys wife | Anouk<br>Nur ein Wort | Wir sind Helden<br>Proud Mary | Tina Turner<br>Rebel Yell | Billy Idol<br>Relax | Frankie goes to Hollywood<br>Rockin\u00b4in the free world | Neil Young<br>September | Earth Wind and fire<br>Shout | Tears for fears<br>Smalltown Boy | Bronski Beat<br>Smooth | Santana<br>Superstition | Stevie Wonder<br>Sweet child o\u00b4mine | Guns n\u00b4Roses<br>Sweet Dreams | Eurythmics<br>Tainted Love | Soft Cell<br>Take on me | A-Ha<br>The great commandment | Camouflage<br>The Look | Roxette<br>Time to wonder | Fury in the slaughterhouse<br>Two Princes | Spin Doctors<br>Under the bridge | Red Hot Chili Peppers<br>Walking by myself | Gary Moore<br>Weak | Skunk Anansie<br>Who knew | Pink<\/p>\n\n\n\n<p><\/p>\n","protected":false},"excerpt":{"rendered":"<p>Feines Material f\u00fcr Ohren, F\u00fc\u00dfe und Stimmb\u00e4nder Unser Repertoire ist immer in Bewegung, hier ein Ausschnitt:&nbsp; Always remember us this way | Lady GagaBaby Love | Mothers FinestBlack Horse and the cherry tree | KT TunstallBlack Velvet | Alannah MylesBlueprint | RainbirdsChasing Cars | Snow PatrolCh\u00f6re | Mark ForsterDer Kommissar | FalcoDream On | Amy &hellip; <\/p>\n<p class=\"link-more\"><a href=\"http:\/\/resounded.coverband-aachen.de\/?page_id=265\" class=\"more-link\"><span class=\"screen-reader-text\">\u201eS O N G S\u201c<\/span> weiterlesen<\/a><\/p>\n","protected":false},"author":1,"featured_media":0,"parent":0,"menu_order":0,"comment_status":"closed","ping_status":"closed","template":"","meta":{"footnotes":""},"class_list":["post-265","page","type-page","status-publish","hentry"],"aioseo_notices":[],"_links":{"self":[{"href":"http:\/\/resounded.coverband-aachen.de\/index.php?rest_route=\/wp\/v2\/pages\/265","targetHints":{"allow":["GET"]}}],"collection":[{"href":"http:\/\/resounded.coverband-aachen.de\/index.php?rest_route=\/wp\/v2\/pages"}],"about":[{"href":"http:\/\/resounded.coverband-aachen.de\/index.php?rest_route=\/wp\/v2\/types\/page"}],"author":[{"embeddable":true,"href":"http:\/\/resounded.coverband-aachen.de\/index.php?rest_route=\/wp\/v2\/users\/1"}],"replies":[{"embeddable":true,"href":"http:\/\/resounded.coverband-aachen.de\/index.php?rest_route=%2Fwp%2Fv2%2Fcomments&post=265"}],"version-history":[{"count":5,"href":"http:\/\/resounded.coverband-aachen.de\/index.php?rest_route=\/wp\/v2\/pages\/265\/revisions"}],"predecessor-version":[{"id":381,"href":"http:\/\/resounded.coverband-aachen.de\/index.php?rest_route=\/wp\/v2\/pages\/265\/revisions\/381"}],"wp:attachment":[{"href":"http:\/\/resounded.coverband-aachen.de\/index.php?rest_route=%2Fwp%2Fv2%2Fmedia&parent=265"}],"curies":[{"name":"wp","href":"https:\/\/api.w.org\/{rel}","templated":true}]}}