{"id":61,"date":"2019-08-09T12:56:24","date_gmt":"2019-08-09T10:56:24","guid":{"rendered":"http:\/\/coverband-aachen.de\/?page_id=61"},"modified":"2024-07-12T10:11:33","modified_gmt":"2024-07-12T08:11:33","slug":"b-a-n-d","status":"publish","type":"page","link":"http:\/\/resounded.coverband-aachen.de\/?page_id=61","title":{"rendered":"B A N D"},"content":{"rendered":"\n<h2 class=\"wp-block-heading\">Handgemachtes f\u00fcr die F\u00fc\u00dfe<\/h2>\n\n\n\n<p>resounded, das sind 6 Musiker mit langer B\u00fchnenerfahrung die sich neu zusammen gefunden haben um die Musikszene auch \u00fcber Aachen hinaus aufzumischen.<\/p>\n\n\n\n<p>Serviert werden Songs, die jeder kennt aber nicht unbedingt jeder spielt.<\/p>\n\n\n\n<p>Die Spanne reicht von Gary Moore bis zu Miley Cyrus, von Bronski Beat hin zu den Rainbirds und von Mothers finest bis zu den Doobie Brothers.<\/p>\n\n\n\n<p>Kurzum, feines Material f\u00fcr Ohren, F\u00fc\u00dfe und Stimmb\u00e4nder<\/p>\n\n\n\n<figure class=\"wp-block-image size-large is-resized\"><a href=\"http:\/\/resounded.coverband-aachen.de\/wp-content\/uploads\/2023\/11\/WhatsApp-Bild-2023-10-28-um-10.18.01_3d18090b.jpg\"><img loading=\"lazy\" decoding=\"async\" width=\"1024\" height=\"683\" src=\"http:\/\/resounded.coverband-aachen.de\/wp-content\/uploads\/2023\/11\/WhatsApp-Bild-2023-10-28-um-10.18.01_3d18090b-1024x683.jpg\" alt=\"\" class=\"wp-image-283\" style=\"aspect-ratio:1.499267935578331;width:840px;height:auto\" srcset=\"http:\/\/resounded.coverband-aachen.de\/wp-content\/uploads\/2023\/11\/WhatsApp-Bild-2023-10-28-um-10.18.01_3d18090b-1024x683.jpg 1024w, http:\/\/resounded.coverband-aachen.de\/wp-content\/uploads\/2023\/11\/WhatsApp-Bild-2023-10-28-um-10.18.01_3d18090b-300x200.jpg 300w, http:\/\/resounded.coverband-aachen.de\/wp-content\/uploads\/2023\/11\/WhatsApp-Bild-2023-10-28-um-10.18.01_3d18090b-768x512.jpg 768w, http:\/\/resounded.coverband-aachen.de\/wp-content\/uploads\/2023\/11\/WhatsApp-Bild-2023-10-28-um-10.18.01_3d18090b-700x467.jpg 700w, http:\/\/resounded.coverband-aachen.de\/wp-content\/uploads\/2023\/11\/WhatsApp-Bild-2023-10-28-um-10.18.01_3d18090b-410x273.jpg 410w, http:\/\/resounded.coverband-aachen.de\/wp-content\/uploads\/2023\/11\/WhatsApp-Bild-2023-10-28-um-10.18.01_3d18090b-100x67.jpg 100w, http:\/\/resounded.coverband-aachen.de\/wp-content\/uploads\/2023\/11\/WhatsApp-Bild-2023-10-28-um-10.18.01_3d18090b-275x183.jpg 275w, http:\/\/resounded.coverband-aachen.de\/wp-content\/uploads\/2023\/11\/WhatsApp-Bild-2023-10-28-um-10.18.01_3d18090b.jpg 1152w\" sizes=\"auto, (max-width: 706px) 89vw, (max-width: 767px) 82vw, 740px\" \/><\/a><\/figure>\n\n\n\n<p><em>LineUp 2024: v.l.n.r. Jochen, Henning, Tanja, Frank, Jens, Simon<\/em><\/p>\n\n\n\n<p><\/p>\n\n\n\n<div id=\"envira-gallery-wrap-328\" class=\"envira-gallery-wrap envira-gallery-theme-base envira-lightbox-theme-base\" itemscope itemtype=\"https:\/\/schema.org\/ImageGallery\"><div data-row-height=\"150\" data-gallery-theme=\"normal\" id=\"envira-gallery-328\" class=\"envira-gallery-public envira-gallery-justified-public envira-gallery-0-columns envira-clear enviratope envira-gallery-css-animations\" data-envira-columns=\"0\"><div id=\"envira-gallery-item-324\" class=\"envira-gallery-item enviratope-item envira-gallery-item-1 envira-lazy-load\" style=\"padding-left: 5px; padding-bottom: 10px; padding-right: 5px;\"  itemscope itemtype=\"https:\/\/schema.org\/ImageObject\"><div class=\"envira-gallery-item-inner\"><div class=\"envira-gallery-position-overlay  envira-gallery-top-left\"><\/div><div class=\"envira-gallery-position-overlay  envira-gallery-top-right\"><\/div><div class=\"envira-gallery-position-overlay  envira-gallery-bottom-left\"><\/div><div class=\"envira-gallery-position-overlay  envira-gallery-bottom-right\"><\/div><a href=\"http:\/\/resounded.coverband-aachen.de\/wp-content\/uploads\/2023\/11\/WhatsApp-Bild-2023-10-28-um-17.43.11_18646086-1.jpg\" class=\"envira-gallery-328 envira-gallery-link\" rel=\"enviragallery328\" title=\"Tanja - Gesang\" data-envira-caption=\"Tanja - Gesang\" data-envira-retina=\"\" data-thumbnail=\"\"  itemprop=\"contentUrl\"><img decoding=\"async\" id=\"envira-gallery-image-324\" class=\"envira-gallery-image envira-gallery-image-1 envira-normal envira-lazy\" data-envira-index=\"1\" src=\"http:\/\/resounded.coverband-aachen.de\/wp-content\/uploads\/2023\/11\/WhatsApp-Bild-2023-10-28-um-17.43.11_18646086-1-640x480.jpg\" data-envira-src=\"http:\/\/resounded.coverband-aachen.de\/wp-content\/uploads\/2023\/11\/WhatsApp-Bild-2023-10-28-um-17.43.11_18646086-1-640x480.jpg\" data-envira-gallery-id=\"328\" data-envira-item-id=\"324\" data-envira-caption=\"Tanja - Gesang\" alt=\"\" title=\"Tanja - Gesang\"  itemprop=\"thumbnailUrl\" data-envira-srcset=\"http:\/\/resounded.coverband-aachen.de\/wp-content\/uploads\/2023\/11\/WhatsApp-Bild-2023-10-28-um-17.43.11_18646086-1-640x480.jpg 400w,http:\/\/resounded.coverband-aachen.de\/wp-content\/uploads\/2023\/11\/WhatsApp-Bild-2023-10-28-um-17.43.11_18646086-1-640x480.jpg 2x\" data-envira-width=\"300\" data-envira-height=\"225\" srcset=\"data:image\/gif;base64,R0lGODlhAQABAIAAAP\/\/\/\/\/\/\/yH5BAEKAAEALAAAAAABAAEAAAICTAEAOw==\" data-safe-src=\"data:image\/gif;base64,R0lGODlhAQABAIAAAP\/\/\/\/\/\/\/yH5BAEKAAEALAAAAAABAAEAAAICTAEAOw==\" \/><\/a><\/div><\/div><div id=\"envira-gallery-item-323\" class=\"envira-gallery-item enviratope-item envira-gallery-item-2 envira-lazy-load\" style=\"padding-left: 5px; padding-bottom: 10px; padding-right: 5px;\"  itemscope itemtype=\"https:\/\/schema.org\/ImageObject\"><div class=\"envira-gallery-item-inner\"><div class=\"envira-gallery-position-overlay  envira-gallery-top-left\"><\/div><div class=\"envira-gallery-position-overlay  envira-gallery-top-right\"><\/div><div class=\"envira-gallery-position-overlay  envira-gallery-bottom-left\"><\/div><div class=\"envira-gallery-position-overlay  envira-gallery-bottom-right\"><\/div><a href=\"http:\/\/resounded.coverband-aachen.de\/wp-content\/uploads\/2023\/11\/WhatsApp-Bild-2023-10-28-um-17.43.12_8fb80d64-1.jpg\" class=\"envira-gallery-328 envira-gallery-link\" rel=\"enviragallery328\" title=\"Jens - Gesang\" data-envira-caption=\"Jens - Gesang\" data-envira-retina=\"\" data-thumbnail=\"\"  itemprop=\"contentUrl\"><img decoding=\"async\" id=\"envira-gallery-image-323\" class=\"envira-gallery-image envira-gallery-image-2 envira-normal envira-lazy\" data-envira-index=\"2\" src=\"http:\/\/resounded.coverband-aachen.de\/wp-content\/uploads\/2023\/11\/WhatsApp-Bild-2023-10-28-um-17.43.12_8fb80d64-1-640x480.jpg\" data-envira-src=\"http:\/\/resounded.coverband-aachen.de\/wp-content\/uploads\/2023\/11\/WhatsApp-Bild-2023-10-28-um-17.43.12_8fb80d64-1-640x480.jpg\" data-envira-gallery-id=\"328\" data-envira-item-id=\"323\" data-envira-caption=\"Jens - Gesang\" alt=\"\" title=\"Jens - Gesang\"  itemprop=\"thumbnailUrl\" data-envira-srcset=\"http:\/\/resounded.coverband-aachen.de\/wp-content\/uploads\/2023\/11\/WhatsApp-Bild-2023-10-28-um-17.43.12_8fb80d64-1-640x480.jpg 400w,http:\/\/resounded.coverband-aachen.de\/wp-content\/uploads\/2023\/11\/WhatsApp-Bild-2023-10-28-um-17.43.12_8fb80d64-1-640x480.jpg 2x\" data-envira-width=\"300\" data-envira-height=\"225\" srcset=\"data:image\/gif;base64,R0lGODlhAQABAIAAAP\/\/\/\/\/\/\/yH5BAEKAAEALAAAAAABAAEAAAICTAEAOw==\" data-safe-src=\"data:image\/gif;base64,R0lGODlhAQABAIAAAP\/\/\/\/\/\/\/yH5BAEKAAEALAAAAAABAAEAAAICTAEAOw==\" \/><\/a><\/div><\/div><div id=\"envira-gallery-item-326\" class=\"envira-gallery-item enviratope-item envira-gallery-item-3 envira-lazy-load\" style=\"padding-left: 5px; padding-bottom: 10px; padding-right: 5px;\"  itemscope itemtype=\"https:\/\/schema.org\/ImageObject\"><div class=\"envira-gallery-item-inner\"><div class=\"envira-gallery-position-overlay  envira-gallery-top-left\"><\/div><div class=\"envira-gallery-position-overlay  envira-gallery-top-right\"><\/div><div class=\"envira-gallery-position-overlay  envira-gallery-bottom-left\"><\/div><div class=\"envira-gallery-position-overlay  envira-gallery-bottom-right\"><\/div><a href=\"http:\/\/resounded.coverband-aachen.de\/wp-content\/uploads\/2023\/11\/WhatsApp-Bild-2023-10-28-um-17.43.10_dad02c33-1.jpg\" class=\"envira-gallery-328 envira-gallery-link\" rel=\"enviragallery328\" title=\"Simon - Gitarre, Gesang, Technik\" data-envira-caption=\"Simon - Gitarre, Gesang, Technik\" data-envira-retina=\"\" data-thumbnail=\"\"  itemprop=\"contentUrl\"><img decoding=\"async\" id=\"envira-gallery-image-326\" class=\"envira-gallery-image envira-gallery-image-3 envira-normal envira-lazy\" data-envira-index=\"3\" src=\"http:\/\/resounded.coverband-aachen.de\/wp-content\/uploads\/2023\/11\/WhatsApp-Bild-2023-10-28-um-17.43.10_dad02c33-1-640x480.jpg\" data-envira-src=\"http:\/\/resounded.coverband-aachen.de\/wp-content\/uploads\/2023\/11\/WhatsApp-Bild-2023-10-28-um-17.43.10_dad02c33-1-640x480.jpg\" data-envira-gallery-id=\"328\" data-envira-item-id=\"326\" data-envira-caption=\"Simon - Gitarre, Gesang, Technik\" alt=\"\" title=\"Simon - Gitarre, Gesang, Technik\"  itemprop=\"thumbnailUrl\" data-envira-srcset=\"http:\/\/resounded.coverband-aachen.de\/wp-content\/uploads\/2023\/11\/WhatsApp-Bild-2023-10-28-um-17.43.10_dad02c33-1-640x480.jpg 400w,http:\/\/resounded.coverband-aachen.de\/wp-content\/uploads\/2023\/11\/WhatsApp-Bild-2023-10-28-um-17.43.10_dad02c33-1-640x480.jpg 2x\" data-envira-width=\"300\" data-envira-height=\"225\" srcset=\"data:image\/gif;base64,R0lGODlhAQABAIAAAP\/\/\/\/\/\/\/yH5BAEKAAEALAAAAAABAAEAAAICTAEAOw==\" data-safe-src=\"data:image\/gif;base64,R0lGODlhAQABAIAAAP\/\/\/\/\/\/\/yH5BAEKAAEALAAAAAABAAEAAAICTAEAOw==\" \/><\/a><\/div><\/div><div id=\"envira-gallery-item-327\" class=\"envira-gallery-item enviratope-item envira-gallery-item-4 envira-lazy-load\" style=\"padding-left: 5px; padding-bottom: 10px; padding-right: 5px;\"  itemscope itemtype=\"https:\/\/schema.org\/ImageObject\"><div class=\"envira-gallery-item-inner\"><div class=\"envira-gallery-position-overlay  envira-gallery-top-left\"><\/div><div class=\"envira-gallery-position-overlay  envira-gallery-top-right\"><\/div><div class=\"envira-gallery-position-overlay  envira-gallery-bottom-left\"><\/div><div class=\"envira-gallery-position-overlay  envira-gallery-bottom-right\"><\/div><a href=\"http:\/\/resounded.coverband-aachen.de\/wp-content\/uploads\/2023\/11\/WhatsApp-Bild-2023-10-28-um-17.43.09_8ecace40-1.jpg\" class=\"envira-gallery-328 envira-gallery-link\" rel=\"enviragallery328\" title=\"Jochen - Keys, Gitarre, Gesang, PR &amp;amp;amp; Booking\" data-envira-caption=\"Jochen - Keys, Gitarre, Gesang, PR &amp;amp;amp; Booking\" data-envira-retina=\"\" data-thumbnail=\"\"  itemprop=\"contentUrl\"><img decoding=\"async\" id=\"envira-gallery-image-327\" class=\"envira-gallery-image envira-gallery-image-4 envira-normal envira-lazy\" data-envira-index=\"4\" src=\"http:\/\/resounded.coverband-aachen.de\/wp-content\/uploads\/2023\/11\/WhatsApp-Bild-2023-10-28-um-17.43.09_8ecace40-1-640x480.jpg\" data-envira-src=\"http:\/\/resounded.coverband-aachen.de\/wp-content\/uploads\/2023\/11\/WhatsApp-Bild-2023-10-28-um-17.43.09_8ecace40-1-640x480.jpg\" data-envira-gallery-id=\"328\" data-envira-item-id=\"327\" data-envira-caption=\"Jochen - Keys, Gitarre, Gesang, PR &amp;amp;amp; Booking\" alt=\"\" title=\"Jochen - Keys, Gitarre, Gesang, PR &amp;amp; Booking\"  itemprop=\"thumbnailUrl\" data-envira-srcset=\"http:\/\/resounded.coverband-aachen.de\/wp-content\/uploads\/2023\/11\/WhatsApp-Bild-2023-10-28-um-17.43.09_8ecace40-1-640x480.jpg 400w,http:\/\/resounded.coverband-aachen.de\/wp-content\/uploads\/2023\/11\/WhatsApp-Bild-2023-10-28-um-17.43.09_8ecace40-1-640x480.jpg 2x\" data-envira-width=\"300\" data-envira-height=\"225\" srcset=\"data:image\/gif;base64,R0lGODlhAQABAIAAAP\/\/\/\/\/\/\/yH5BAEKAAEALAAAAAABAAEAAAICTAEAOw==\" data-safe-src=\"data:image\/gif;base64,R0lGODlhAQABAIAAAP\/\/\/\/\/\/\/yH5BAEKAAEALAAAAAABAAEAAAICTAEAOw==\" \/><\/a><\/div><\/div><div id=\"envira-gallery-item-325\" class=\"envira-gallery-item enviratope-item envira-gallery-item-5 envira-lazy-load\" style=\"padding-left: 5px; padding-bottom: 10px; padding-right: 5px;\"  itemscope itemtype=\"https:\/\/schema.org\/ImageObject\"><div class=\"envira-gallery-item-inner\"><div class=\"envira-gallery-position-overlay  envira-gallery-top-left\"><\/div><div class=\"envira-gallery-position-overlay  envira-gallery-top-right\"><\/div><div class=\"envira-gallery-position-overlay  envira-gallery-bottom-left\"><\/div><div class=\"envira-gallery-position-overlay  envira-gallery-bottom-right\"><\/div><a href=\"http:\/\/resounded.coverband-aachen.de\/wp-content\/uploads\/2023\/11\/WhatsApp-Bild-2023-10-28-um-17.43.10_cde3f463-1.jpg\" class=\"envira-gallery-328 envira-gallery-link\" rel=\"enviragallery328\" title=\"Frank - Drums, Technik, Booking\" data-envira-caption=\"Frank - Drums, Technik, Booking\" data-envira-retina=\"\" data-thumbnail=\"\"  itemprop=\"contentUrl\"><img decoding=\"async\" id=\"envira-gallery-image-325\" class=\"envira-gallery-image envira-gallery-image-5 envira-normal envira-lazy\" data-envira-index=\"5\" src=\"http:\/\/resounded.coverband-aachen.de\/wp-content\/uploads\/2023\/11\/WhatsApp-Bild-2023-10-28-um-17.43.10_cde3f463-1-640x480.jpg\" data-envira-src=\"http:\/\/resounded.coverband-aachen.de\/wp-content\/uploads\/2023\/11\/WhatsApp-Bild-2023-10-28-um-17.43.10_cde3f463-1-640x480.jpg\" data-envira-gallery-id=\"328\" data-envira-item-id=\"325\" data-envira-caption=\"Frank - Drums, Technik, Booking\" alt=\"\" title=\"Frank - Drums, Technik, Booking\"  itemprop=\"thumbnailUrl\" data-envira-srcset=\"http:\/\/resounded.coverband-aachen.de\/wp-content\/uploads\/2023\/11\/WhatsApp-Bild-2023-10-28-um-17.43.10_cde3f463-1-640x480.jpg 400w,http:\/\/resounded.coverband-aachen.de\/wp-content\/uploads\/2023\/11\/WhatsApp-Bild-2023-10-28-um-17.43.10_cde3f463-1-640x480.jpg 2x\" data-envira-width=\"300\" data-envira-height=\"225\" srcset=\"data:image\/gif;base64,R0lGODlhAQABAIAAAP\/\/\/\/\/\/\/yH5BAEKAAEALAAAAAABAAEAAAICTAEAOw==\" data-safe-src=\"data:image\/gif;base64,R0lGODlhAQABAIAAAP\/\/\/\/\/\/\/yH5BAEKAAEALAAAAAABAAEAAAICTAEAOw==\" \/><\/a><\/div><\/div><div id=\"envira-gallery-item-322\" class=\"envira-gallery-item enviratope-item envira-gallery-item-6 envira-lazy-load\" style=\"padding-left: 5px; padding-bottom: 10px; padding-right: 5px;\"  itemscope itemtype=\"https:\/\/schema.org\/ImageObject\"><div class=\"envira-gallery-item-inner\"><div class=\"envira-gallery-position-overlay  envira-gallery-top-left\"><\/div><div class=\"envira-gallery-position-overlay  envira-gallery-top-right\"><\/div><div class=\"envira-gallery-position-overlay  envira-gallery-bottom-left\"><\/div><div class=\"envira-gallery-position-overlay  envira-gallery-bottom-right\"><\/div><a href=\"http:\/\/resounded.coverband-aachen.de\/wp-content\/uploads\/2023\/11\/WhatsApp-Bild-2023-10-28-um-17.43.12_3bc77be0-1.jpg\" class=\"envira-gallery-328 envira-gallery-link\" rel=\"enviragallery328\" title=\"Henning - Bass\" data-envira-caption=\"Henning - Bass\" data-envira-retina=\"\" data-thumbnail=\"\"  itemprop=\"contentUrl\"><img decoding=\"async\" id=\"envira-gallery-image-322\" class=\"envira-gallery-image envira-gallery-image-6 envira-normal envira-lazy\" data-envira-index=\"6\" src=\"http:\/\/resounded.coverband-aachen.de\/wp-content\/uploads\/2023\/11\/WhatsApp-Bild-2023-10-28-um-17.43.12_3bc77be0-1-640x480.jpg\" data-envira-src=\"http:\/\/resounded.coverband-aachen.de\/wp-content\/uploads\/2023\/11\/WhatsApp-Bild-2023-10-28-um-17.43.12_3bc77be0-1-640x480.jpg\" data-envira-gallery-id=\"328\" data-envira-item-id=\"322\" data-envira-caption=\"Henning - Bass\" alt=\"\" title=\"Henning - Bass\"  itemprop=\"thumbnailUrl\" data-envira-srcset=\"http:\/\/resounded.coverband-aachen.de\/wp-content\/uploads\/2023\/11\/WhatsApp-Bild-2023-10-28-um-17.43.12_3bc77be0-1-640x480.jpg 400w,http:\/\/resounded.coverband-aachen.de\/wp-content\/uploads\/2023\/11\/WhatsApp-Bild-2023-10-28-um-17.43.12_3bc77be0-1-640x480.jpg 2x\" data-envira-width=\"300\" data-envira-height=\"225\" srcset=\"data:image\/gif;base64,R0lGODlhAQABAIAAAP\/\/\/\/\/\/\/yH5BAEKAAEALAAAAAABAAEAAAICTAEAOw==\" data-safe-src=\"data:image\/gif;base64,R0lGODlhAQABAIAAAP\/\/\/\/\/\/\/yH5BAEKAAEALAAAAAABAAEAAAICTAEAOw==\" \/><\/a><\/div><\/div><\/div><\/div><noscript><img decoding=\"async\" src=\"http:\/\/resounded.coverband-aachen.de\/wp-content\/uploads\/2023\/11\/WhatsApp-Bild-2023-10-28-um-17.43.11_18646086-1.jpg\" alt=\"\" \/><img decoding=\"async\" src=\"http:\/\/resounded.coverband-aachen.de\/wp-content\/uploads\/2023\/11\/WhatsApp-Bild-2023-10-28-um-17.43.12_8fb80d64-1.jpg\" alt=\"\" \/><img decoding=\"async\" src=\"http:\/\/resounded.coverband-aachen.de\/wp-content\/uploads\/2023\/11\/WhatsApp-Bild-2023-10-28-um-17.43.10_dad02c33-1.jpg\" alt=\"\" \/><img decoding=\"async\" src=\"http:\/\/resounded.coverband-aachen.de\/wp-content\/uploads\/2023\/11\/WhatsApp-Bild-2023-10-28-um-17.43.09_8ecace40-1.jpg\" alt=\"\" \/><img decoding=\"async\" src=\"http:\/\/resounded.coverband-aachen.de\/wp-content\/uploads\/2023\/11\/WhatsApp-Bild-2023-10-28-um-17.43.10_cde3f463-1.jpg\" alt=\"\" \/><img decoding=\"async\" src=\"http:\/\/resounded.coverband-aachen.de\/wp-content\/uploads\/2023\/11\/WhatsApp-Bild-2023-10-28-um-17.43.12_3bc77be0-1.jpg\" alt=\"\" \/><\/noscript>\n","protected":false},"excerpt":{"rendered":"<p>Handgemachtes f\u00fcr die F\u00fc\u00dfe resounded, das sind 6 Musiker mit langer B\u00fchnenerfahrung die sich neu zusammen gefunden haben um die Musikszene auch \u00fcber Aachen hinaus aufzumischen. Serviert werden Songs, die jeder kennt aber nicht unbedingt jeder spielt. Die Spanne reicht von Gary Moore bis zu Miley Cyrus, von Bronski Beat hin zu den Rainbirds und &hellip; <\/p>\n<p class=\"link-more\"><a href=\"http:\/\/resounded.coverband-aachen.de\/?page_id=61\" class=\"more-link\"><span class=\"screen-reader-text\">\u201eB A N D\u201c<\/span> weiterlesen<\/a><\/p>\n","protected":false},"author":1,"featured_media":0,"parent":0,"menu_order":0,"comment_status":"closed","ping_status":"closed","template":"","meta":{"footnotes":""},"class_list":["post-61","page","type-page","status-publish","hentry"],"aioseo_notices":[],"_links":{"self":[{"href":"http:\/\/resounded.coverband-aachen.de\/index.php?rest_route=\/wp\/v2\/pages\/61","targetHints":{"allow":["GET"]}}],"collection":[{"href":"http:\/\/resounded.coverband-aachen.de\/index.php?rest_route=\/wp\/v2\/pages"}],"about":[{"href":"http:\/\/resounded.coverband-aachen.de\/index.php?rest_route=\/wp\/v2\/types\/page"}],"author":[{"embeddable":true,"href":"http:\/\/resounded.coverband-aachen.de\/index.php?rest_route=\/wp\/v2\/users\/1"}],"replies":[{"embeddable":true,"href":"http:\/\/resounded.coverband-aachen.de\/index.php?rest_route=%2Fwp%2Fv2%2Fcomments&post=61"}],"version-history":[{"count":23,"href":"http:\/\/resounded.coverband-aachen.de\/index.php?rest_route=\/wp\/v2\/pages\/61\/revisions"}],"predecessor-version":[{"id":366,"href":"http:\/\/resounded.coverband-aachen.de\/index.php?rest_route=\/wp\/v2\/pages\/61\/revisions\/366"}],"wp:attachment":[{"href":"http:\/\/resounded.coverband-aachen.de\/index.php?rest_route=%2Fwp%2Fv2%2Fmedia&parent=61"}],"curies":[{"name":"wp","href":"https:\/\/api.w.org\/{rel}","templated":true}]}}